{"id":21037,"date":"2025-10-03T14:10:42","date_gmt":"2025-10-03T11:10:42","guid":{"rendered":"https:\/\/eforpatent.com.tr\/iletisim2\/"},"modified":"2026-03-02T15:39:30","modified_gmt":"2026-03-02T12:39:30","slug":"contact-us","status":"publish","type":"page","link":"https:\/\/eforpatent.com.tr\/en\/contact-us\/","title":{"rendered":"Contact Us"},"content":{"rendered":"<div class=\"wpb-content-wrapper\"><p>[vc_row][vc_column][\/vc_column][\/vc_row][vc_row][vc_column width=&#8221;1\/3&#8243;][vc_custom_heading text=&#8221;ADDRESS&#8221; font_container=&#8221;tag:h3|font_size:20px|text_align:left|color:%23222222|line_height:45px&#8221; use_theme_fonts=&#8221;yes&#8221; stripe_pos=&#8221;hide&#8221; el_class=&#8221;border_base_color&#8221;][vc_separator color=&#8221;custom&#8221; accent_color=&#8221;#ebebeb&#8221; css=&#8221;.vc_custom_1635334599386{margin-bottom: 20px !important;}&#8221;][vc_custom_heading text=&#8221;\u0130stanbul&#8221; font_container=&#8221;tag:h3|text_align:left&#8221; use_theme_fonts=&#8221;yes&#8221;][vc_row_inner content_placement=&#8221;middle&#8221;][vc_column_inner width=&#8221;1\/6&#8243;][vc_icon icon_fontawesome=&#8221;fas fa-phone-alt&#8221; color=&#8221;black&#8221; size=&#8221;sm&#8221; align=&#8221;right&#8221;][\/vc_column_inner][vc_column_inner width=&#8221;5\/6&#8243;][vc_column_text css=&#8221;.vc_custom_1635334083964{margin-bottom: 20px !important;}&#8221;]+90 212 211 4 211[\/vc_column_text][\/vc_column_inner][\/vc_row_inner][vc_row_inner content_placement=&#8221;middle&#8221;][vc_column_inner width=&#8221;1\/6&#8243;][vc_icon icon_fontawesome=&#8221;fas fa-envelope&#8221; color=&#8221;black&#8221; size=&#8221;sm&#8221; align=&#8221;right&#8221;][\/vc_column_inner][vc_column_inner width=&#8221;5\/6&#8243;][vc_column_text css=&#8221;.vc_custom_1635334121344{margin-bottom: 20px !important;}&#8221;]<a href=\"mailto:info@eforpatent.com\">info@eforpatent.com<\/a>[\/vc_column_text][\/vc_column_inner][\/vc_row_inner][vc_row_inner content_placement=&#8221;top&#8221; css=&#8221;.vc_custom_1635334381945{padding-top: 25px !important;}&#8221;][vc_column_inner width=&#8221;1\/6&#8243;][vc_icon icon_fontawesome=&#8221;fas fa-map-marker-alt&#8221; color=&#8221;black&#8221; size=&#8221;sm&#8221; align=&#8221;right&#8221;][\/vc_column_inner][vc_column_inner width=&#8221;5\/6&#8243;][vc_column_text css=&#8221;.vc_custom_1758713287407{margin-bottom: 20px !important;}&#8221;]Tekstilkent Ticaret Merkezi<\/p>\n<p>A14 Blok No:23 PK: 34235<\/p>\n<p>Esenler \/ \u0130stanbul \/ T\u00fcrkiye[\/vc_column_text][\/vc_column_inner][\/vc_row_inner][\/vc_column][vc_column width=&#8221;1\/3&#8243;][vc_custom_heading text=&#8221;BANK ACCOUNTS&#8221; font_container=&#8221;tag:h3|font_size:20px|text_align:left|color:%23222222|line_height:45px&#8221; use_theme_fonts=&#8221;yes&#8221; stripe_pos=&#8221;hide&#8221; el_class=&#8221;border_base_color&#8221;][vc_separator color=&#8221;custom&#8221; accent_color=&#8221;#ebebeb&#8221; css=&#8221;.vc_custom_1635334599386{margin-bottom: 20px !important;}&#8221;][vc_column_text css=&#8221;.vc_custom_1663250537908{margin-bottom: 20px !important;}&#8221;]<span style=\"color: #4593bc;\"><strong>Z\u0130RAAT BANKASI<\/strong><\/span><\/p>\n<p>TR870001000757678259345001<\/p>\n<p><span style=\"color: #4593bc;\"><strong>GARANT\u0130 BANKASI<\/strong><\/span><\/p>\n<p>TR600006200072100006293470[\/vc_column_text][\/vc_column][vc_column width=&#8221;1\/3&#8243;][vc_custom_heading text=&#8221;TAX INFO&#8221; font_container=&#8221;tag:h3|font_size:20px|text_align:left|color:%23222222|line_height:45px&#8221; use_theme_fonts=&#8221;yes&#8221; stripe_pos=&#8221;hide&#8221; el_class=&#8221;border_base_color&#8221;][vc_separator color=&#8221;custom&#8221; accent_color=&#8221;#ebebeb&#8221; css=&#8221;.vc_custom_1635334599386{margin-bottom: 20px !important;}&#8221;][vc_column_text css=&#8221;.vc_custom_1759408499060{margin-bottom: 20px !important;}&#8221;]<span style=\"color: #4593bc;\"><strong>Efor Patent Ltd.<\/strong><\/span><\/p>\n<p><span style=\"color: #4593bc;\"><strong>Tax Office:<\/strong><\/span> At\u0131\u015falan\u0131<\/p>\n<p><span style=\"color: #4593bc;\"><strong>Vat Number:<\/strong><\/span> 325 055 4115[\/vc_column_text][\/vc_column][\/vc_row][vc_row][vc_column][vc_empty_space height=&#8221;30px&#8221;][vc_separator border_width=&#8221;4&#8243;][\/vc_column][\/vc_row][vc_row css=&#8221;.vc_custom_1485495581044{margin-bottom: 0px !important;}&#8221;][vc_column width=&#8221;1\/2&#8243;][vc_custom_heading text=&#8221;Contact Form&#8221; font_container=&#8221;tag:h4|text_align:left&#8221; use_theme_fonts=&#8221;yes&#8221; css=&#8221;.vc_custom_1636304908610{margin-bottom: 28px !important;}&#8221;]\n<div class=\"wpcf7 no-js\" id=\"wpcf7-f21041-o1\" lang=\"tr-TR\" dir=\"ltr\" data-wpcf7-id=\"21041\">\n<div class=\"screen-reader-response\"><p role=\"status\" aria-live=\"polite\" aria-atomic=\"true\"><\/p> <ul><\/ul><\/div>\n<form action=\"\/en\/wp-json\/wp\/v2\/pages\/21037#wpcf7-f21041-o1\" method=\"post\" class=\"wpcf7-form init\" aria-label=\"\u0130leti\u015fim Formu\" novalidate=\"novalidate\" data-status=\"init\">\n<fieldset class=\"hidden-fields-container\"><input type=\"hidden\" name=\"_wpcf7\" value=\"21041\" \/><input type=\"hidden\" name=\"_wpcf7_version\" value=\"6.1.5\" \/><input type=\"hidden\" name=\"_wpcf7_locale\" value=\"tr_TR\" \/><input type=\"hidden\" name=\"_wpcf7_unit_tag\" value=\"wpcf7-f21041-o1\" \/><input type=\"hidden\" name=\"_wpcf7_container_post\" value=\"0\" \/><input type=\"hidden\" name=\"_wpcf7_posted_data_hash\" value=\"\" \/><input type=\"hidden\" name=\"_wpcf7_recaptcha_response\" value=\"\" \/>\n<\/fieldset>\n<div class=\"form-group pr-dt-form\">\n\t<p><label class=\"sr-only\" for=\"exampleInputEmail3\">Ad Soyad<\/label><span class=\"wpcf7-form-control-wrap\" data-name=\"your-name\"><input size=\"40\" maxlength=\"400\" class=\"wpcf7-form-control wpcf7-text wpcf7-validates-as-required form-control\" aria-required=\"true\" aria-invalid=\"false\" placeholder=\"Name Surname\" value=\"\" type=\"text\" name=\"your-name\" \/><\/span>\n\t<\/p>\n<\/div>\n<div class=\"form-group pr-dt-form\">\n\t<p><label class=\"sr-only\" for=\"exampleInputEmail3\">Telephone<\/label><span class=\"wpcf7-form-control-wrap\" data-name=\"your-tel\"><input size=\"40\" maxlength=\"400\" class=\"wpcf7-form-control wpcf7-tel wpcf7-validates-as-required wpcf7-text wpcf7-validates-as-tel form-control\" id=\"phone\" aria-required=\"true\" aria-invalid=\"false\" placeholder=\"Telephone\" value=\"\" type=\"tel\" name=\"your-tel\" \/><\/span>\n\t<\/p>\n<\/div>\n<div class=\"form-group pr-dt-form\">\n\t<p><label class=\"sr-only\" for=\"exampleInputEmail3\">E-Mail<\/label><span class=\"wpcf7-form-control-wrap\" data-name=\"your-eposta\"><input size=\"40\" maxlength=\"400\" class=\"wpcf7-form-control wpcf7-text wpcf7-validates-as-required form-control\" aria-required=\"true\" aria-invalid=\"false\" placeholder=\"E-Mail\" value=\"\" type=\"text\" name=\"your-eposta\" \/><\/span>\n\t<\/p>\n<\/div>\n<div class=\"form-group pr-dt-form\">\n\t<p><label class=\"sr-only\" for=\"exampleInputEmail3\">Message<\/label><span class=\"wpcf7-form-control-wrap\" data-name=\"your-mesaj\"><textarea cols=\"10\" rows=\"3\" maxlength=\"2000\" class=\"wpcf7-form-control wpcf7-textarea form-control\" aria-invalid=\"false\" placeholder=\"Message\" name=\"your-mesaj\"><\/textarea><\/span>\n\t<\/p>\n<\/div>\n<div class=\"\">\n\t<p><input class=\"wpcf7-form-control wpcf7-submit has-spinner btn btn-default filter-btn fullbtn\" type=\"submit\" value=\"Send\" \/>\n\t<\/p>\n<\/div><div class=\"wpcf7-response-output\" aria-hidden=\"true\"><\/div>\n<\/form>\n<\/div>\n[\/vc_column][vc_column width=&#8221;1\/2&#8243;][vc_gmaps link=&#8221;#E-8_JTNDaWZyYW1lJTIwc3JjJTNEJTIyaHR0cHMlM0ElMkYlMkZ3d3cuZ29vZ2xlLmNvbSUyRm1hcHMlMkZlbWJlZCUzRnBiJTNEJTIxMW0xOCUyMTFtMTIlMjExbTMlMjExZDU1NS4yMjA2ODM1NDM5Njc4JTIxMmQyOC45NzA0NTQ2MTY3Nzk4MDQlMjEzZDQxLjA3Njc5Njc0OTA3NDUxJTIxMm0zJTIxMWYwJTIxMmYwJTIxM2YwJTIxM20yJTIxMWkxMDI0JTIxMmk3NjglMjE0ZjEzLjElMjEzbTMlMjExbTIlMjExczB4MTRjYWI2ZDZlNTEzMTkwOSUyNTNBMHhmYWEwZjA1MTBjNTQyYTg4JTIxMnNEYXAlMjE1ZTAlMjEzbTIlMjExc2VuJTIxMnN0ciUyMTR2MTY1MzMzOTg3ODU1MSUyMTVtMiUyMTFzZW4lMjEyc3RyJTIyJTIwd2lkdGglM0QlMjI2MDAlMjIlMjBoZWlnaHQlM0QlMjI0NTAlMjIlMjBzdHlsZSUzRCUyMmJvcmRlciUzQTAlM0IlMjIlMjBhbGxvd2Z1bGxzY3JlZW4lM0QlMjIlMjIlMjBsb2FkaW5nJTNEJTIybGF6eSUyMiUyMHJlZmVycmVycG9saWN5JTNEJTIybm8tcmVmZXJyZXItd2hlbi1kb3duZ3JhZGUlMjIlM0UlM0MlMkZpZnJhbWUlM0U=&#8221;][\/vc_column][\/vc_row]<\/p>\n<\/div>","protected":false},"excerpt":{"rendered":"<p>[vc_row][vc_column][\/vc_column][\/vc_row][vc_row][vc_column width=&#8221;1\/3&#8243;][vc_custom_heading text=&#8221;ADDRESS&#8221; font_container=&#8221;tag:h3|font_size:20px|text_align:left|color:%23222222|line_height:45px&#8221; use_theme_fonts=&#8221;yes&#8221; stripe_pos=&#8221;hide&#8221; el_class=&#8221;border_base_color&#8221;][vc_separator color=&#8221;custom&#8221; accent_color=&#8221;#ebebeb&#8221; css=&#8221;.vc_custom_1635334599386{margin-bottom: 20px !important;}&#8221;][vc_custom_heading text=&#8221;\u0130stanbul&#8221; font_container=&#8221;tag:h3|text_align:left&#8221; use_theme_fonts=&#8221;yes&#8221;][vc_row_inner content_placement=&#8221;middle&#8221;][vc_column_inner width=&#8221;1\/6&#8243;][vc_icon icon_fontawesome=&#8221;fas fa-phone-alt&#8221; color=&#8221;black&#8221; size=&#8221;sm&#8221; align=&#8221;right&#8221;][\/vc_column_inner][vc_column_inner width=&#8221;5\/6&#8243;][vc_column_text css=&#8221;.vc_custom_1635334083964{margin-bottom: 20px !important;}&#8221;]+90 212 211 4 211[\/vc_column_text][\/vc_column_inner][\/vc_row_inner][vc_row_inner content_placement=&#8221;middle&#8221;][vc_column_inner width=&#8221;1\/6&#8243;][vc_icon icon_fontawesome=&#8221;fas fa-envelope&#8221; color=&#8221;black&#8221; size=&#8221;sm&#8221; align=&#8221;right&#8221;][\/vc_column_inner][vc_column_inner width=&#8221;5\/6&#8243;][vc_column_text css=&#8221;.vc_custom_1635334121344{margin-bottom: 20px !important;}&#8221;]info@eforpatent.com[\/vc_column_text][\/vc_column_inner][\/vc_row_inner][vc_row_inner content_placement=&#8221;top&#8221; css=&#8221;.vc_custom_1635334381945{padding-top: 25px !important;}&#8221;][vc_column_inner width=&#8221;1\/6&#8243;][vc_icon icon_fontawesome=&#8221;fas fa-map-marker-alt&#8221; color=&#8221;black&#8221; size=&#8221;sm&#8221; align=&#8221;right&#8221;][\/vc_column_inner][vc_column_inner width=&#8221;5\/6&#8243;][vc_column_text css=&#8221;.vc_custom_1758713287407{margin-bottom: 20px !important;}&#8221;]Tekstilkent Ticaret Merkezi A14 Blok No:23 PK: 34235 Esenler \/ \u0130stanbul \/ T\u00fcrkiye[\/vc_column_text][\/vc_column_inner][\/vc_row_inner][\/vc_column][vc_column width=&#8221;1\/3&#8243;][vc_custom_heading text=&#8221;BANK ACCOUNTS&#8221; font_container=&#8221;tag:h3|font_size:20px|text_align:left|color:%23222222|line_height:45px&#8221; use_theme_fonts=&#8221;yes&#8221; stripe_pos=&#8221;hide&#8221; el_class=&#8221;border_base_color&#8221;][vc_separator color=&#8221;custom&#8221; accent_color=&#8221;#ebebeb&#8221; css=&#8221;.vc_custom_1635334599386{margin-bottom: 20px !important;}&#8221;][vc_column_text css=&#8221;.vc_custom_1663250537908{margin-bottom: 20px !important;}&#8221;]Z\u0130RAAT BANKASI TR870001000757678259345001 GARANT\u0130 BANKASI TR600006200072100006293470[\/vc_column_text][\/vc_column][vc_column width=&#8221;1\/3&#8243;][vc_custom_heading text=&#8221;TAX INFO&#8221; font_container=&#8221;tag:h3|font_size:20px|text_align:left|color:%23222222|line_height:45px&#8221; use_theme_fonts=&#8221;yes&#8221; stripe_pos=&#8221;hide&#8221; el_class=&#8221;border_base_color&#8221;][vc_separator color=&#8221;custom&#8221; accent_color=&#8221;#ebebeb&#8221; css=&#8221;.vc_custom_1635334599386{margin-bottom: 20px !important;}&#8221;][vc_column_text css=&#8221;.vc_custom_1759408499060{margin-bottom: [&hellip;]<\/p>\n","protected":false},"author":1,"featured_media":23669,"parent":0,"menu_order":0,"comment_status":"closed","ping_status":"closed","template":"","meta":{"footnotes":""},"class_list":["post-21037","page","type-page","status-publish","has-post-thumbnail","hentry"],"yoast_head":"<!-- This site is optimized with the Yoast SEO Premium plugin v27.2 (Yoast SEO v27.3) - https:\/\/yoast.com\/product\/yoast-seo-premium-wordpress\/ -->\n<title>Contact Us - Efor IP<\/title>\n<meta name=\"description\" content=\"Efor IP is your partner for IP strategy, protection and enforcement globally since 1999. Intellectual property law services.\" \/>\n<meta name=\"robots\" content=\"index, follow, max-snippet:-1, max-image-preview:large, max-video-preview:-1\" \/>\n<link rel=\"canonical\" href=\"https:\/\/eforpatent.com.tr\/en\/contact-us\/\" \/>\n<meta property=\"og:locale\" content=\"en_US\" \/>\n<meta property=\"og:type\" content=\"article\" \/>\n<meta property=\"og:title\" content=\"Contact Us\" \/>\n<meta property=\"og:description\" content=\"Efor IP is your partner for IP strategy, protection and enforcement globally since 1999. Intellectual property law services.\" \/>\n<meta property=\"og:url\" content=\"https:\/\/eforpatent.com.tr\/en\/contact-us\/\" \/>\n<meta property=\"og:site_name\" content=\"Efor Patent Marka Tescili\" \/>\n<meta property=\"article:modified_time\" content=\"2026-03-02T12:39:30+00:00\" \/>\n<meta property=\"og:image\" content=\"https:\/\/eforpatent.com.tr\/wp-content\/uploads\/2025\/09\/Koza-Plaza-Efor.png\" \/>\n\t<meta property=\"og:image:width\" content=\"907\" \/>\n\t<meta property=\"og:image:height\" content=\"685\" \/>\n\t<meta property=\"og:image:type\" content=\"image\/png\" \/>\n<meta name=\"twitter:card\" content=\"summary_large_image\" \/>\n<meta name=\"twitter:label1\" content=\"Est. reading time\" \/>\n\t<meta name=\"twitter:data1\" content=\"1 minute\" \/>\n<script type=\"application\/ld+json\" class=\"yoast-schema-graph\">{\"@context\":\"https:\\\/\\\/schema.org\",\"@graph\":[{\"@type\":\"WebPage\",\"@id\":\"https:\\\/\\\/eforpatent.com.tr\\\/en\\\/contact-us\\\/\",\"url\":\"https:\\\/\\\/eforpatent.com.tr\\\/en\\\/contact-us\\\/\",\"name\":\"Contact Us - Efor IP\",\"isPartOf\":{\"@id\":\"https:\\\/\\\/eforpatent.com.tr\\\/#website\"},\"primaryImageOfPage\":{\"@id\":\"https:\\\/\\\/eforpatent.com.tr\\\/en\\\/contact-us\\\/#primaryimage\"},\"image\":{\"@id\":\"https:\\\/\\\/eforpatent.com.tr\\\/en\\\/contact-us\\\/#primaryimage\"},\"thumbnailUrl\":\"https:\\\/\\\/eforpatent.com.tr\\\/wp-content\\\/uploads\\\/2025\\\/09\\\/Koza-Plaza-Efor.png\",\"datePublished\":\"2025-10-03T11:10:42+00:00\",\"dateModified\":\"2026-03-02T12:39:30+00:00\",\"description\":\"Efor IP is your partner for IP strategy, protection and enforcement globally since 1999. Intellectual property law services.\",\"breadcrumb\":{\"@id\":\"https:\\\/\\\/eforpatent.com.tr\\\/en\\\/contact-us\\\/#breadcrumb\"},\"inLanguage\":\"en-US\",\"potentialAction\":[{\"@type\":\"ReadAction\",\"target\":[\"https:\\\/\\\/eforpatent.com.tr\\\/en\\\/contact-us\\\/\"]}]},{\"@type\":\"ImageObject\",\"inLanguage\":\"en-US\",\"@id\":\"https:\\\/\\\/eforpatent.com.tr\\\/en\\\/contact-us\\\/#primaryimage\",\"url\":\"https:\\\/\\\/eforpatent.com.tr\\\/wp-content\\\/uploads\\\/2025\\\/09\\\/Koza-Plaza-Efor.png\",\"contentUrl\":\"https:\\\/\\\/eforpatent.com.tr\\\/wp-content\\\/uploads\\\/2025\\\/09\\\/Koza-Plaza-Efor.png\",\"width\":907,\"height\":685,\"caption\":\"Koza Plaza \u0130stanbul\"},{\"@type\":\"BreadcrumbList\",\"@id\":\"https:\\\/\\\/eforpatent.com.tr\\\/en\\\/contact-us\\\/#breadcrumb\",\"itemListElement\":[{\"@type\":\"ListItem\",\"position\":1,\"name\":\"Anasayfa\",\"item\":\"https:\\\/\\\/eforpatent.com.tr\\\/\"},{\"@type\":\"ListItem\",\"position\":2,\"name\":\"Contact Us\"}]},{\"@type\":\"WebSite\",\"@id\":\"https:\\\/\\\/eforpatent.com.tr\\\/#website\",\"url\":\"https:\\\/\\\/eforpatent.com.tr\\\/\",\"name\":\"Efor Patent\",\"description\":\"Efor IP\",\"alternateName\":\"Efor Patent Marka Tescili\",\"potentialAction\":[{\"@type\":\"SearchAction\",\"target\":{\"@type\":\"EntryPoint\",\"urlTemplate\":\"https:\\\/\\\/eforpatent.com.tr\\\/?s={search_term_string}\"},\"query-input\":{\"@type\":\"PropertyValueSpecification\",\"valueRequired\":true,\"valueName\":\"search_term_string\"}}],\"inLanguage\":\"en-US\"}]}<\/script>\n<!-- \/ Yoast SEO Premium plugin. -->","yoast_head_json":{"title":"Contact Us - Efor IP","description":"Efor IP is your partner for IP strategy, protection and enforcement globally since 1999. Intellectual property law services.","robots":{"index":"index","follow":"follow","max-snippet":"max-snippet:-1","max-image-preview":"max-image-preview:large","max-video-preview":"max-video-preview:-1"},"canonical":"https:\/\/eforpatent.com.tr\/en\/contact-us\/","og_locale":"en_US","og_type":"article","og_title":"Contact Us","og_description":"Efor IP is your partner for IP strategy, protection and enforcement globally since 1999. Intellectual property law services.","og_url":"https:\/\/eforpatent.com.tr\/en\/contact-us\/","og_site_name":"Efor Patent Marka Tescili","article_modified_time":"2026-03-02T12:39:30+00:00","og_image":[{"width":907,"height":685,"url":"https:\/\/eforpatent.com.tr\/wp-content\/uploads\/2025\/09\/Koza-Plaza-Efor.png","type":"image\/png"}],"twitter_card":"summary_large_image","twitter_misc":{"Est. reading time":"1 minute"},"schema":{"@context":"https:\/\/schema.org","@graph":[{"@type":"WebPage","@id":"https:\/\/eforpatent.com.tr\/en\/contact-us\/","url":"https:\/\/eforpatent.com.tr\/en\/contact-us\/","name":"Contact Us - Efor IP","isPartOf":{"@id":"https:\/\/eforpatent.com.tr\/#website"},"primaryImageOfPage":{"@id":"https:\/\/eforpatent.com.tr\/en\/contact-us\/#primaryimage"},"image":{"@id":"https:\/\/eforpatent.com.tr\/en\/contact-us\/#primaryimage"},"thumbnailUrl":"https:\/\/eforpatent.com.tr\/wp-content\/uploads\/2025\/09\/Koza-Plaza-Efor.png","datePublished":"2025-10-03T11:10:42+00:00","dateModified":"2026-03-02T12:39:30+00:00","description":"Efor IP is your partner for IP strategy, protection and enforcement globally since 1999. Intellectual property law services.","breadcrumb":{"@id":"https:\/\/eforpatent.com.tr\/en\/contact-us\/#breadcrumb"},"inLanguage":"en-US","potentialAction":[{"@type":"ReadAction","target":["https:\/\/eforpatent.com.tr\/en\/contact-us\/"]}]},{"@type":"ImageObject","inLanguage":"en-US","@id":"https:\/\/eforpatent.com.tr\/en\/contact-us\/#primaryimage","url":"https:\/\/eforpatent.com.tr\/wp-content\/uploads\/2025\/09\/Koza-Plaza-Efor.png","contentUrl":"https:\/\/eforpatent.com.tr\/wp-content\/uploads\/2025\/09\/Koza-Plaza-Efor.png","width":907,"height":685,"caption":"Koza Plaza \u0130stanbul"},{"@type":"BreadcrumbList","@id":"https:\/\/eforpatent.com.tr\/en\/contact-us\/#breadcrumb","itemListElement":[{"@type":"ListItem","position":1,"name":"Anasayfa","item":"https:\/\/eforpatent.com.tr\/"},{"@type":"ListItem","position":2,"name":"Contact Us"}]},{"@type":"WebSite","@id":"https:\/\/eforpatent.com.tr\/#website","url":"https:\/\/eforpatent.com.tr\/","name":"Efor Patent","description":"Efor IP","alternateName":"Efor Patent Marka Tescili","potentialAction":[{"@type":"SearchAction","target":{"@type":"EntryPoint","urlTemplate":"https:\/\/eforpatent.com.tr\/?s={search_term_string}"},"query-input":{"@type":"PropertyValueSpecification","valueRequired":true,"valueName":"search_term_string"}}],"inLanguage":"en-US"}]}},"_links":{"self":[{"href":"https:\/\/eforpatent.com.tr\/en\/wp-json\/wp\/v2\/pages\/21037","targetHints":{"allow":["GET"]}}],"collection":[{"href":"https:\/\/eforpatent.com.tr\/en\/wp-json\/wp\/v2\/pages"}],"about":[{"href":"https:\/\/eforpatent.com.tr\/en\/wp-json\/wp\/v2\/types\/page"}],"author":[{"embeddable":true,"href":"https:\/\/eforpatent.com.tr\/en\/wp-json\/wp\/v2\/users\/1"}],"replies":[{"embeddable":true,"href":"https:\/\/eforpatent.com.tr\/en\/wp-json\/wp\/v2\/comments?post=21037"}],"version-history":[{"count":23,"href":"https:\/\/eforpatent.com.tr\/en\/wp-json\/wp\/v2\/pages\/21037\/revisions"}],"predecessor-version":[{"id":23824,"href":"https:\/\/eforpatent.com.tr\/en\/wp-json\/wp\/v2\/pages\/21037\/revisions\/23824"}],"wp:featuredmedia":[{"embeddable":true,"href":"https:\/\/eforpatent.com.tr\/en\/wp-json\/wp\/v2\/media\/23669"}],"wp:attachment":[{"href":"https:\/\/eforpatent.com.tr\/en\/wp-json\/wp\/v2\/media?parent=21037"}],"curies":[{"name":"wp","href":"https:\/\/api.w.org\/{rel}","templated":true}]}}